{"id":5448,"date":"2019-06-13T07:25:24","date_gmt":"2019-06-13T07:25:24","guid":{"rendered":"https:\/\/www.gavias-theme.com\/wp\/codesk\/?page_id=5448"},"modified":"2022-02-07T09:57:05","modified_gmt":"2022-02-07T09:57:05","slug":"infoybecas","status":"publish","type":"page","link":"http:\/\/decoloso.ual.es\/?page_id=5448","title":{"rendered":"Informaci\u00f3n y Becas"},"content":{"rendered":"\t\t<div data-elementor-type=\"wp-post\" data-elementor-id=\"5448\" class=\"elementor elementor-5448\" data-elementor-settings=\"[]\">\n\t\t\t\t\t\t\t<div class=\"elementor-section-wrap\">\n\t\t\t\t\t\t\t<section class=\"elementor-section elementor-top-section elementor-element elementor-element-842abcd elementor-section-boxed elementor-section-height-default elementor-section-height-default\" data-id=\"842abcd\" data-element_type=\"section\">\n\t\t\t\t\t\t<div class=\"elementor-container elementor-column-gap-default\">\n\t\t\t\t\t<div class=\"elementor-column elementor-col-100 elementor-top-column elementor-element elementor-element-734c8e0 column-style-top\" data-id=\"734c8e0\" data-element_type=\"column\">\n\t\t\t<div class=\"elementor-widget-wrap elementor-element-populated\">\n\t\t\t\t\t\t\t\t<section class=\"elementor-section elementor-inner-section elementor-element elementor-element-399cca3 elementor-section-boxed elementor-section-height-default elementor-section-height-default\" data-id=\"399cca3\" data-element_type=\"section\">\n\t\t\t\t\t\t<div class=\"elementor-container elementor-column-gap-default\">\n\t\t\t\t\t<div class=\"elementor-column elementor-col-50 elementor-inner-column elementor-element elementor-element-c2b9785 column-style-top\" data-id=\"c2b9785\" data-element_type=\"column\">\n\t\t\t<div class=\"elementor-widget-wrap elementor-element-populated\">\n\t\t\t\t\t\t\t\t<div class=\"elementor-element elementor-element-60366c7 elementor-widget elementor-widget-heading\" data-id=\"60366c7\" data-element_type=\"widget\" data-widget_type=\"heading.default\">\n\t\t\t\t<div class=\"elementor-widget-container\">\n\t\t\t<style>\/*! elementor - v3.5.4 - 23-01-2022 *\/\n.elementor-heading-title{padding:0;margin:0;line-height:1}.elementor-widget-heading .elementor-heading-title[class*=elementor-size-]>a{color:inherit;font-size:inherit;line-height:inherit}.elementor-widget-heading .elementor-heading-title.elementor-size-small{font-size:15px}.elementor-widget-heading .elementor-heading-title.elementor-size-medium{font-size:19px}.elementor-widget-heading .elementor-heading-title.elementor-size-large{font-size:29px}.elementor-widget-heading .elementor-heading-title.elementor-size-xl{font-size:39px}.elementor-widget-heading .elementor-heading-title.elementor-size-xxl{font-size:59px}<\/style><h2 class=\"elementor-heading-title elementor-size-default\">\nCondiciones de acceso\n\n<\/h2>\t\t<\/div>\n\t\t\t\t<\/div>\n\t\t\t\t<div class=\"elementor-element elementor-element-b4c432e elementor-widget elementor-widget-text-editor\" data-id=\"b4c432e\" data-element_type=\"widget\" data-widget_type=\"text-editor.default\">\n\t\t\t\t<div class=\"elementor-widget-container\">\n\t\t\t<style>\/*! elementor - v3.5.4 - 23-01-2022 *\/\n.elementor-widget-text-editor.elementor-drop-cap-view-stacked .elementor-drop-cap{background-color:#818a91;color:#fff}.elementor-widget-text-editor.elementor-drop-cap-view-framed .elementor-drop-cap{color:#818a91;border:3px solid;background-color:transparent}.elementor-widget-text-editor:not(.elementor-drop-cap-view-default) .elementor-drop-cap{margin-top:8px}.elementor-widget-text-editor:not(.elementor-drop-cap-view-default) .elementor-drop-cap-letter{width:1em;height:1em}.elementor-widget-text-editor .elementor-drop-cap{float:left;text-align:center;line-height:1;font-size:50px}.elementor-widget-text-editor .elementor-drop-cap-letter{display:inline-block}<\/style>\t\t\t\t<p style=\"text-align: justify;\">Para el acceso a las ense\u00f1anzas universitarias oficiales de M\u00e1ster, se precisa cumplir alguna de las siguientes condiciones:<\/p><ul><li style=\"text-align: justify;\">Estar en posesi\u00f3n de un t\u00edtulo de Grado, o de alguno de los actuales Arquitecto, Ingeniero, Licenciado, Arquitecto T\u00e9cnico, Diplomado, Ingeniero T\u00e9cnico o Maestro, u otro expresamente declarado equivalente.<\/li><li style=\"text-align: justify;\">Estar en posesi\u00f3n de un t\u00edtulo universitario extranjero expedido por una instituci\u00f3n de educaci\u00f3n superior del Espacio Europeo de Educaci\u00f3n Superior que facultan en el pa\u00eds expedidor del t\u00edtulo para el acceso a ense\u00f1anzas de M\u00e1ster.<\/li><li style=\"text-align: justify;\">Estar en posesi\u00f3n de un t\u00edtulo universitario extranjero no homologado por el Ministerio de Educaci\u00f3n y Ciencia equivalente al nivel del Grado y que faculte en el pa\u00eds de origen para cursar estudios de posgrado.<\/li><\/ul>\t\t\t\t\t\t<\/div>\n\t\t\t\t<\/div>\n\t\t\t\t\t<\/div>\n\t\t<\/div>\n\t\t\t\t<div class=\"elementor-column elementor-col-50 elementor-inner-column elementor-element elementor-element-689956f\" data-id=\"689956f\" data-element_type=\"column\">\n\t\t\t<div class=\"elementor-widget-wrap elementor-element-populated\">\n\t\t\t\t\t\t\t\t<div class=\"elementor-element elementor-element-d1b62a9 elementor-widget elementor-widget-heading\" data-id=\"d1b62a9\" data-element_type=\"widget\" data-widget_type=\"heading.default\">\n\t\t\t\t<div class=\"elementor-widget-container\">\n\t\t\t<h2 class=\"elementor-heading-title elementor-size-default\">Plazos<\/h2>\t\t<\/div>\n\t\t\t\t<\/div>\n\t\t\t\t<div class=\"elementor-element elementor-element-ec731da elementor-widget elementor-widget-text-editor\" data-id=\"ec731da\" data-element_type=\"widget\" data-widget_type=\"text-editor.default\">\n\t\t\t\t<div class=\"elementor-widget-container\">\n\t\t\t\t\t\t\t<p style=\"text-align: justify;\"><strong>Alumnos de Nuevo Ingreso<\/strong><br \/>Los plazos de\u00a0Preinscripci\u00f3n\u00a0y\u00a0Matr\u00edcula\u00a0de\u00a0Nuevo ingreso\u00a0se encuentran recogidos en la p\u00e1gina Web del Distrito \u00danico Andaluz a la que puedes acceder a trav\u00e9s del siguiente <a href=\"https:\/\/www.juntadeandalucia.es\/economiaconocimientoempresasyuniversidad\/sguit\/?q=masteres&amp;d=mo_calendario.php\">enlace<\/a>.<\/p><p>\u00a0<\/p><p style=\"text-align: justify;\"><strong>Alumnos en Continuaci\u00f3n de Estudios<\/strong><br \/>Para los alumnos que ya hubieran iniciado estudios en cursos anteriores, el plazo oficial de matr\u00edcula en los Centros de esta Universidad, en estudios oficiales de M\u00e1ster pueden consultarse en el bot\u00f3n \u00abAutomatr\u00edcula\u00bb.<\/p>\t\t\t\t\t\t<\/div>\n\t\t\t\t<\/div>\n\t\t\t\t<div class=\"elementor-element elementor-element-b695f66 elementor-align-center elementor-widget elementor-widget-button\" data-id=\"b695f66\" data-element_type=\"widget\" data-widget_type=\"button.default\">\n\t\t\t\t<div class=\"elementor-widget-container\">\n\t\t\t\t\t<div class=\"elementor-button-wrapper\">\n\t\t\t<a href=\"https:\/\/www.ual.es\/automatricula\" class=\"elementor-button-link elementor-button elementor-size-sm\" role=\"button\">\n\t\t\t\t\t\t<span class=\"elementor-button-content-wrapper\">\n\t\t\t\t\t\t<span class=\"elementor-button-text\">AUTOMATR\u00cdCULA<\/span>\n\t\t<\/span>\n\t\t\t\t\t<\/a>\n\t\t<\/div>\n\t\t\t\t<\/div>\n\t\t\t\t<\/div>\n\t\t\t\t\t<\/div>\n\t\t<\/div>\n\t\t\t\t\t\t\t<\/div>\n\t\t<\/section>\n\t\t\t\t\t<\/div>\n\t\t<\/div>\n\t\t\t\t\t\t\t<\/div>\n\t\t<\/section>\n\t\t\t\t<section class=\"elementor-section elementor-top-section elementor-element elementor-element-d4a688c elementor-section-boxed elementor-section-height-default elementor-section-height-default\" data-id=\"d4a688c\" data-element_type=\"section\" data-settings=\"{&quot;background_background&quot;:&quot;classic&quot;}\">\n\t\t\t\t\t\t<div class=\"elementor-container elementor-column-gap-default\">\n\t\t\t\t\t<div class=\"elementor-column elementor-col-100 elementor-top-column elementor-element elementor-element-4c5e6d3 column-style-top\" data-id=\"4c5e6d3\" data-element_type=\"column\">\n\t\t\t<div class=\"elementor-widget-wrap elementor-element-populated\">\n\t\t\t\t\t\t\t\t<section class=\"elementor-section elementor-inner-section elementor-element elementor-element-3ff7e4f elementor-section-boxed elementor-section-height-default elementor-section-height-default\" data-id=\"3ff7e4f\" data-element_type=\"section\">\n\t\t\t\t\t\t<div class=\"elementor-container elementor-column-gap-default\">\n\t\t\t\t\t<div class=\"elementor-column elementor-col-50 elementor-inner-column elementor-element elementor-element-aebda5c column-style-top\" data-id=\"aebda5c\" data-element_type=\"column\">\n\t\t\t<div class=\"elementor-widget-wrap elementor-element-populated\">\n\t\t\t\t\t\t\t\t<div class=\"elementor-element elementor-element-1a25bc8 elementor-widget elementor-widget-heading\" data-id=\"1a25bc8\" data-element_type=\"widget\" data-widget_type=\"heading.default\">\n\t\t\t\t<div class=\"elementor-widget-container\">\n\t\t\t<h2 class=\"elementor-heading-title elementor-size-default\">Becas del Ministerio de Educaci\u00f3n, Cultura y Deporte<\/h2>\t\t<\/div>\n\t\t\t\t<\/div>\n\t\t\t\t<div class=\"elementor-element elementor-element-9983ebb elementor-widget elementor-widget-text-editor\" data-id=\"9983ebb\" data-element_type=\"widget\" data-widget_type=\"text-editor.default\">\n\t\t\t\t<div class=\"elementor-widget-container\">\n\t\t\t\t\t\t\t<p style=\"text-align: justify;\">A trav\u00e9s de este <a href=\"https:\/\/www.ual.es\/estudios\/gestionesacademicas\/becas\">enlace<\/a>\u00a0podr\u00e1s consultar toda la informaci\u00f3n necesaria sobre las distintas ayudas o becas convocadas por el Ministerio de Educaci\u00f3n, o por la propia Universidad de Almer\u00eda destinadas a los estudiantes de las diversas titulaciones de M\u00e1ster ofertadas, que son tramitadas por las diferentes unidades administrativas de la Universidad de Almer\u00eda.<\/p><p style=\"text-align: justify;\">Asimismo, dispondr\u00e1s de informaci\u00f3n puntual sobre aquellas becas convocadas por el propio Ministerio de Educaci\u00f3n y que son tramitadas por el mismo, o por otros organismos ajenos a la Universidad de Almer\u00eda<\/p>\t\t\t\t\t\t<\/div>\n\t\t\t\t<\/div>\n\t\t\t\t\t<\/div>\n\t\t<\/div>\n\t\t\t\t<div class=\"elementor-column elementor-col-50 elementor-inner-column elementor-element elementor-element-69c49b8 column-style-top\" data-id=\"69c49b8\" data-element_type=\"column\">\n\t\t\t<div class=\"elementor-widget-wrap elementor-element-populated\">\n\t\t\t\t\t\t\t\t<div class=\"elementor-element elementor-element-6fd2710 elementor-widget elementor-widget-heading\" data-id=\"6fd2710\" data-element_type=\"widget\" data-widget_type=\"heading.default\">\n\t\t\t\t<div class=\"elementor-widget-container\">\n\t\t\t<h2 class=\"elementor-heading-title elementor-size-default\">\nOtras becas\n<\/h2>\t\t<\/div>\n\t\t\t\t<\/div>\n\t\t\t\t<div class=\"elementor-element elementor-element-e05e533 elementor-widget elementor-widget-text-editor\" data-id=\"e05e533\" data-element_type=\"widget\" data-widget_type=\"text-editor.default\">\n\t\t\t\t<div class=\"elementor-widget-container\">\n\t\t\t\t\t\t\t<div class=\"wpb_text_column wpb_content_element \"><div class=\"wpb_wrapper\"><p style=\"text-align: justify;\"><strong>Becas MAEC-AECI<\/strong><br \/>Becas para ciudadanos extranjeros y espa\u00f1oles de la AECID (Agencia Espa\u00f1ola para la Cooperaci\u00f3n Internacional y el Desarrollo) del Ministerio de Asuntos Exteriores y de Cooperaci\u00f3n.<br \/><u><a href=\"http:\/\/www.aecid.es\/ES\/becas-y-lectorados\/convocatorias-maec-aecid\">http:\/\/www.aecid.es\/ES\/becas-y-lectorados\/convocatorias-maec-aecid<\/a><\/u><\/p><p>\u00a0<\/p><p style=\"text-align: justify;\"><strong>Ploteus (ERASMUS, Leonardo da Vinci, S\u00f3crates, Tempus)<\/strong><br \/>Becas de la Uni\u00f3n Europea para estudiantes de nacionalidad no europea, para cursar estudios en Europa.<br \/><u><a href=\"http:\/\/www.ec.europa.eu\/ploteus\">www.ec.europa.eu\/ploteus<\/a><\/u><\/p><p>\u00a0<\/p><p style=\"text-align: justify;\"><strong>Fundaci\u00f3n Carolina<\/strong><br \/>Becas destinadas a licenciados iberoamericanos para ampliar sus estudios en universidades espa\u00f1olas.<br \/><u><a href=\"http:\/\/www.fundacioncarolina.es\/\">www.fundacioncarolina.es<\/a><\/u><\/p><p>\u00a0<\/p><p style=\"text-align: justify;\"><strong>Becas de la AUIP<\/strong><br \/>Becas de la Asociaci\u00f3n universitaria iberoamericana de posgrado destinadas a licenciados iberoamericanos para ampliar sus estudios en universidades espa\u00f1olas.<br \/><u><a href=\"http:\/\/www.auip.org\/\">www.auip.org<\/a><\/u><\/p><\/div><\/div>\t\t\t\t\t\t<\/div>\n\t\t\t\t<\/div>\n\t\t\t\t\t<\/div>\n\t\t<\/div>\n\t\t\t\t\t\t\t<\/div>\n\t\t<\/section>\n\t\t\t\t\t<\/div>\n\t\t<\/div>\n\t\t\t\t\t\t\t<\/div>\n\t\t<\/section>\n\t\t\t\t\t\t<\/div>\n\t\t\t\t\t<\/div>\n\t\t","protected":false},"excerpt":{"rendered":"<p>Condiciones de acceso Para el acceso a las ense\u00f1anzas universitarias oficiales de M\u00e1ster, se precisa cumplir alguna de las siguientes condiciones: Estar en posesi\u00f3n de un t\u00edtulo de Grado, o [&hellip;]<\/p>\n","protected":false},"author":1,"featured_media":0,"parent":0,"menu_order":0,"comment_status":"closed","ping_status":"closed","template":"","meta":{"footnotes":""},"class_list":["post-5448","page","type-page","status-publish","hentry"],"_links":{"self":[{"href":"http:\/\/decoloso.ual.es\/index.php?rest_route=\/wp\/v2\/pages\/5448","targetHints":{"allow":["GET"]}}],"collection":[{"href":"http:\/\/decoloso.ual.es\/index.php?rest_route=\/wp\/v2\/pages"}],"about":[{"href":"http:\/\/decoloso.ual.es\/index.php?rest_route=\/wp\/v2\/types\/page"}],"author":[{"embeddable":true,"href":"http:\/\/decoloso.ual.es\/index.php?rest_route=\/wp\/v2\/users\/1"}],"replies":[{"embeddable":true,"href":"http:\/\/decoloso.ual.es\/index.php?rest_route=%2Fwp%2Fv2%2Fcomments&post=5448"}],"version-history":[{"count":55,"href":"http:\/\/decoloso.ual.es\/index.php?rest_route=\/wp\/v2\/pages\/5448\/revisions"}],"predecessor-version":[{"id":8777,"href":"http:\/\/decoloso.ual.es\/index.php?rest_route=\/wp\/v2\/pages\/5448\/revisions\/8777"}],"wp:attachment":[{"href":"http:\/\/decoloso.ual.es\/index.php?rest_route=%2Fwp%2Fv2%2Fmedia&parent=5448"}],"curies":[{"name":"wp","href":"https:\/\/api.w.org\/{rel}","templated":true}]}}