{"id":5467,"date":"2019-06-14T01:41:36","date_gmt":"2019-06-14T01:41:36","guid":{"rendered":"https:\/\/www.gavias-theme.com\/wp\/codesk\/?page_id=5467"},"modified":"2023-04-24T19:33:41","modified_gmt":"2023-04-24T19:33:41","slug":"faqs","status":"publish","type":"page","link":"http:\/\/decoloso.ual.es\/?page_id=5467","title":{"rendered":"FAQS"},"content":{"rendered":"\t\t<div data-elementor-type=\"wp-post\" data-elementor-id=\"5467\" class=\"elementor elementor-5467\" data-elementor-settings=\"[]\">\n\t\t\t\t\t\t\t<div class=\"elementor-section-wrap\">\n\t\t\t\t\t\t\t<section class=\"elementor-section elementor-top-section elementor-element elementor-element-d4846b8 elementor-section-boxed elementor-section-height-default elementor-section-height-default\" data-id=\"d4846b8\" data-element_type=\"section\">\n\t\t\t\t\t\t<div class=\"elementor-container elementor-column-gap-default\">\n\t\t\t\t\t<div class=\"elementor-column elementor-col-100 elementor-top-column elementor-element elementor-element-115bfd0 column-style-top\" data-id=\"115bfd0\" data-element_type=\"column\">\n\t\t\t<div class=\"elementor-widget-wrap elementor-element-populated\">\n\t\t\t\t\t\t\t\t<section class=\"elementor-section elementor-inner-section elementor-element elementor-element-02433df elementor-section-boxed elementor-section-height-default elementor-section-height-default\" data-id=\"02433df\" data-element_type=\"section\">\n\t\t\t\t\t\t<div class=\"elementor-container elementor-column-gap-default\">\n\t\t\t\t\t<div class=\"elementor-column elementor-col-100 elementor-inner-column elementor-element elementor-element-e35f107 column-style-top\" data-id=\"e35f107\" data-element_type=\"column\">\n\t\t\t<div class=\"elementor-widget-wrap elementor-element-populated\">\n\t\t\t\t\t\t\t\t<div class=\"elementor-element elementor-element-d558ce9 elementor-widget elementor-widget-heading\" data-id=\"d558ce9\" data-element_type=\"widget\" data-widget_type=\"heading.default\">\n\t\t\t\t<div class=\"elementor-widget-container\">\n\t\t\t<style>\/*! elementor - v3.5.4 - 23-01-2022 *\/\n.elementor-heading-title{padding:0;margin:0;line-height:1}.elementor-widget-heading .elementor-heading-title[class*=elementor-size-]>a{color:inherit;font-size:inherit;line-height:inherit}.elementor-widget-heading .elementor-heading-title.elementor-size-small{font-size:15px}.elementor-widget-heading .elementor-heading-title.elementor-size-medium{font-size:19px}.elementor-widget-heading .elementor-heading-title.elementor-size-large{font-size:29px}.elementor-widget-heading .elementor-heading-title.elementor-size-xl{font-size:39px}.elementor-widget-heading .elementor-heading-title.elementor-size-xxl{font-size:59px}<\/style><h2 class=\"elementor-heading-title elementor-size-default\">Preguntas frecuentes<\/h2>\t\t<\/div>\n\t\t\t\t<\/div>\n\t\t\t\t<div class=\"elementor-element elementor-element-e6572a5 elementor-widget elementor-widget-gva-list-number\" data-id=\"e6572a5\" data-element_type=\"widget\" data-widget_type=\"gva-list-number.default\">\n\t\t\t\t<div class=\"elementor-widget-container\">\n\t\t\t<div class=\"gva-element-gva-list-number gva-element\">\r\n<div class=\"gva-list-number style-1\">\r\n   <ul class=\"list-number\">\r\n               <li class=\"list-number-item\">\r\n            <div class=\"content-inner\">\r\n               <div class=\"content-top\">\r\n                  <div class=\"number\">\r\n                     <span>\r\n                     01                      <svg enable-background=\"new 0 0 64 64\" height=\"512\" viewBox=\"0 0 64 64\" width=\"512\" xmlns=\"http:\/\/www.w3.org\/2000\/svg\"><path d=\"m37.379 12.552c-.799-.761-2.066-.731-2.827.069-.762.8-.73 2.066.069 2.828l15.342 14.551h-39.963c-1.104 0-2 .896-2 2s.896 2 2 2h39.899l-15.278 14.552c-.8.762-.831 2.028-.069 2.828.393.412.92.62 1.448.62.496 0 .992-.183 1.379-.552l17.449-16.62c.756-.755 1.172-1.759 1.172-2.828s-.416-2.073-1.207-2.862z\"\/><\/svg>\r\n                     <\/span>\r\n                  <\/div>\r\n                  <h3 class=\"title\">\u00bfCu\u00e1l es el precio del m\u00e1ster?<\/h3>\r\n               <\/div>\r\n                                 <div class=\"descrption\">Depende, si se da el caso de que has terminado el grado en alguna de las universidades andaluzas en los dos \u00faltimos a\u00f1os es pr\u00e1cticamente gratuito. S\u00f3lo debes de pagar una peque\u00f1a cantidad. Es importante que leas el Decreto (http:\/\/www.juntadeandalucia.es\/organismos\/conocimientoinvestigacionyuniversidad\/areas\/universidad\/talento\/paginas\/bonificacion-creditos-matriculas.html).\n\nPara aquellos que no puedan lograr esta bonificaci\u00f3n, el precio del m\u00e1ster no llega a los 900\u20ac, pudiendo fraccionarse en 4 pagos. Valor muy inferior al de otros m\u00e1ster universitarios de otras Comunidades Aut\u00f3nomas y pa\u00edses.<\/div>\r\n                           <\/div>   \r\n         <\/li>\r\n               <li class=\"list-number-item\">\r\n            <div class=\"content-inner\">\r\n               <div class=\"content-top\">\r\n                  <div class=\"number\">\r\n                     <span>\r\n                     02                      <svg enable-background=\"new 0 0 64 64\" height=\"512\" viewBox=\"0 0 64 64\" width=\"512\" xmlns=\"http:\/\/www.w3.org\/2000\/svg\"><path d=\"m37.379 12.552c-.799-.761-2.066-.731-2.827.069-.762.8-.73 2.066.069 2.828l15.342 14.551h-39.963c-1.104 0-2 .896-2 2s.896 2 2 2h39.899l-15.278 14.552c-.8.762-.831 2.028-.069 2.828.393.412.92.62 1.448.62.496 0 .992-.183 1.379-.552l17.449-16.62c.756-.755 1.172-1.759 1.172-2.828s-.416-2.073-1.207-2.862z\"\/><\/svg>\r\n                     <\/span>\r\n                  <\/div>\r\n                  <h3 class=\"title\">\u00bfEst\u00e1 muy definido el perfil del alumnado?<\/h3>\r\n               <\/div>\r\n                                 <div class=\"descrption\">El perfil es de un\/a alumno\/as con motivaci\u00f3n, que sea din\u00e1mico y que este dispuesto a trabajar en equipos interdisciplinarios. Hasta estos momentos hemos tenido alumnos\/as con las siguientes titulaciones: Econom\u00eda, Administraci\u00f3n y Direcci\u00f3n de Empresas, Turismo, Geograf\u00eda, Derecho, Relaciones Laborales, Trabajo Social, Arquitectura, Psicolog\u00eda, Administraciones P\u00fablicas, Ciencias Ambientales, Sociolog\u00eda, Ingenier\u00eda de Telecomunicaciones e Ingenier\u00eda Agr\u00f3noma.\n<\/div>\r\n                           <\/div>   \r\n         <\/li>\r\n               <li class=\"list-number-item\">\r\n            <div class=\"content-inner\">\r\n               <div class=\"content-top\">\r\n                  <div class=\"number\">\r\n                     <span>\r\n                     03                      <svg enable-background=\"new 0 0 64 64\" height=\"512\" viewBox=\"0 0 64 64\" width=\"512\" xmlns=\"http:\/\/www.w3.org\/2000\/svg\"><path d=\"m37.379 12.552c-.799-.761-2.066-.731-2.827.069-.762.8-.73 2.066.069 2.828l15.342 14.551h-39.963c-1.104 0-2 .896-2 2s.896 2 2 2h39.899l-15.278 14.552c-.8.762-.831 2.028-.069 2.828.393.412.92.62 1.448.62.496 0 .992-.183 1.379-.552l17.449-16.62c.756-.755 1.172-1.759 1.172-2.828s-.416-2.073-1.207-2.862z\"\/><\/svg>\r\n                     <\/span>\r\n                  <\/div>\r\n                  <h3 class=\"title\">\u00bfC\u00f3mo son las asignaturas?<\/h3>\r\n               <\/div>\r\n                                 <div class=\"descrption\">La mayor\u00eda son semipresenciales, y esto permite una mayor flexibilidad a la hora de poder llevar a cabo las actividades. Tambi\u00e9n hay que tener en cuenta que se aplican muchas herramientas de innovaci\u00f3n docente, como son mapas conceptuales, wikis, Role Play o clase invertida, entre otros.\n<\/div>\r\n                           <\/div>   \r\n         <\/li>\r\n               <li class=\"list-number-item\">\r\n            <div class=\"content-inner\">\r\n               <div class=\"content-top\">\r\n                  <div class=\"number\">\r\n                     <span>\r\n                     04                      <svg enable-background=\"new 0 0 64 64\" height=\"512\" viewBox=\"0 0 64 64\" width=\"512\" xmlns=\"http:\/\/www.w3.org\/2000\/svg\"><path d=\"m37.379 12.552c-.799-.761-2.066-.731-2.827.069-.762.8-.73 2.066.069 2.828l15.342 14.551h-39.963c-1.104 0-2 .896-2 2s.896 2 2 2h39.899l-15.278 14.552c-.8.762-.831 2.028-.069 2.828.393.412.92.62 1.448.62.496 0 .992-.183 1.379-.552l17.449-16.62c.756-.755 1.172-1.759 1.172-2.828s-.416-2.073-1.207-2.862z\"\/><\/svg>\r\n                     <\/span>\r\n                  <\/div>\r\n                  <h3 class=\"title\">\u00bfEn qu\u00e9 consisten las pr\u00e1cticas extracurriculares?<\/h3>\r\n               <\/div>\r\n                                 <div class=\"descrption\">El\/la alumno\/a elabora un proyecto para implementarlo en algunos de los municipios o instituciones que colaborar con el m\u00e1ster y obtiene una remuneraci\u00f3n durante dos meses. Es aproximadamente de 400\u20ac por mes.\n<\/div>\r\n                           <\/div>   \r\n         <\/li>\r\n               <li class=\"list-number-item\">\r\n            <div class=\"content-inner\">\r\n               <div class=\"content-top\">\r\n                  <div class=\"number\">\r\n                     <span>\r\n                     05                      <svg enable-background=\"new 0 0 64 64\" height=\"512\" viewBox=\"0 0 64 64\" width=\"512\" xmlns=\"http:\/\/www.w3.org\/2000\/svg\"><path d=\"m37.379 12.552c-.799-.761-2.066-.731-2.827.069-.762.8-.73 2.066.069 2.828l15.342 14.551h-39.963c-1.104 0-2 .896-2 2s.896 2 2 2h39.899l-15.278 14.552c-.8.762-.831 2.028-.069 2.828.393.412.92.62 1.448.62.496 0 .992-.183 1.379-.552l17.449-16.62c.756-.755 1.172-1.759 1.172-2.828s-.416-2.073-1.207-2.862z\"\/><\/svg>\r\n                     <\/span>\r\n                  <\/div>\r\n                  <h3 class=\"title\">\u00bfEs un m\u00e1ster exigente?<\/h3>\r\n               <\/div>\r\n                                 <div class=\"descrption\">Desde el primer d\u00eda hay un compromiso de trabajo. Cada alumno\/a marca su ritmo de exigencia. Como prueba es que este a\u00f1o solamente han presentado el TFM en junio el 65% de los alumnos. El resto lo ha dejado para septiembre. De esta forma pueden aspirar a una mayor calificaci\u00f3n.\n<\/div>\r\n                           <\/div>   \r\n         <\/li>\r\n               <li class=\"list-number-item\">\r\n            <div class=\"content-inner\">\r\n               <div class=\"content-top\">\r\n                  <div class=\"number\">\r\n                     <span>\r\n                     06                      <svg enable-background=\"new 0 0 64 64\" height=\"512\" viewBox=\"0 0 64 64\" width=\"512\" xmlns=\"http:\/\/www.w3.org\/2000\/svg\"><path d=\"m37.379 12.552c-.799-.761-2.066-.731-2.827.069-.762.8-.73 2.066.069 2.828l15.342 14.551h-39.963c-1.104 0-2 .896-2 2s.896 2 2 2h39.899l-15.278 14.552c-.8.762-.831 2.028-.069 2.828.393.412.92.62 1.448.62.496 0 .992-.183 1.379-.552l17.449-16.62c.756-.755 1.172-1.759 1.172-2.828s-.416-2.073-1.207-2.862z\"\/><\/svg>\r\n                     <\/span>\r\n                  <\/div>\r\n                  <h3 class=\"title\">\u00bfSe puede realizar en dos a\u00f1os?<\/h3>\r\n               <\/div>\r\n                                 <div class=\"descrption\">La \u00fanica exigencia el primer a\u00f1o es que se matricule de 24 cr\u00e9ditos ECTS. La experiencia es que los alumnos que se apuntan de estos 24 cr\u00e9ditos al final ampl\u00edan matr\u00edcula y lo hacen en un a\u00f1o.\n<\/div>\r\n                           <\/div>   \r\n         <\/li>\r\n               <li class=\"list-number-item\">\r\n            <div class=\"content-inner\">\r\n               <div class=\"content-top\">\r\n                  <div class=\"number\">\r\n                     <span>\r\n                     07                      <svg enable-background=\"new 0 0 64 64\" height=\"512\" viewBox=\"0 0 64 64\" width=\"512\" xmlns=\"http:\/\/www.w3.org\/2000\/svg\"><path d=\"m37.379 12.552c-.799-.761-2.066-.731-2.827.069-.762.8-.73 2.066.069 2.828l15.342 14.551h-39.963c-1.104 0-2 .896-2 2s.896 2 2 2h39.899l-15.278 14.552c-.8.762-.831 2.028-.069 2.828.393.412.92.62 1.448.62.496 0 .992-.183 1.379-.552l17.449-16.62c.756-.755 1.172-1.759 1.172-2.828s-.416-2.073-1.207-2.862z\"\/><\/svg>\r\n                     <\/span>\r\n                  <\/div>\r\n                  <h3 class=\"title\">\u00bfTiene salidas profesionales?<\/h3>\r\n               <\/div>\r\n                                 <div class=\"descrption\">La crisis econ\u00f3mica ha influido de forma muy negativa al perfil de agente de desarrollo local. Con esta fase expansiva de la econom\u00eda se prev\u00e9 que los municipios, mancomunidades, diputaciones, etc. empiecen a contratar nuevamente.\n\nLa experiencia de los alumnos\/a egresados es que la mayor\u00eda est\u00e1 trabajando en aspectos relacionados con las materias del m\u00e1ster (ver experiencias de alumnos\/as).\n\nAdem\u00e1s de agente de desarrollo local se puede emplear en consultor\u00edas, Organizaciones No Gubernamentales, entidades financieras, empresas privadas\u2026\n\nTambi\u00e9n la orientaci\u00f3n a la investigaci\u00f3n abre el campo del doctorado y participar en proyectos de esta \u00edndole y de Cooperaci\u00f3n al Desarrollo.\n<\/div>\r\n                           <\/div>   \r\n         <\/li>\r\n               <li class=\"list-number-item\">\r\n            <div class=\"content-inner\">\r\n               <div class=\"content-top\">\r\n                  <div class=\"number\">\r\n                     <span>\r\n                     08                      <svg enable-background=\"new 0 0 64 64\" height=\"512\" viewBox=\"0 0 64 64\" width=\"512\" xmlns=\"http:\/\/www.w3.org\/2000\/svg\"><path d=\"m37.379 12.552c-.799-.761-2.066-.731-2.827.069-.762.8-.73 2.066.069 2.828l15.342 14.551h-39.963c-1.104 0-2 .896-2 2s.896 2 2 2h39.899l-15.278 14.552c-.8.762-.831 2.028-.069 2.828.393.412.92.62 1.448.62.496 0 .992-.183 1.379-.552l17.449-16.62c.756-.755 1.172-1.759 1.172-2.828s-.416-2.073-1.207-2.862z\"\/><\/svg>\r\n                     <\/span>\r\n                  <\/div>\r\n                  <h3 class=\"title\">\u00bfHay salidas de campo?<\/h3>\r\n               <\/div>\r\n                                 <div class=\"descrption\">Se realizan una serie de salidas a municipios donde se explican ejemplos de emprendimiento y c\u00f3mo por medio de un recurso end\u00f3geno se ha logrado un desarrollo.\n<\/div>\r\n                           <\/div>   \r\n         <\/li>\r\n               <li class=\"list-number-item\">\r\n            <div class=\"content-inner\">\r\n               <div class=\"content-top\">\r\n                  <div class=\"number\">\r\n                     <span>\r\n                     09                      <svg enable-background=\"new 0 0 64 64\" height=\"512\" viewBox=\"0 0 64 64\" width=\"512\" xmlns=\"http:\/\/www.w3.org\/2000\/svg\"><path d=\"m37.379 12.552c-.799-.761-2.066-.731-2.827.069-.762.8-.73 2.066.069 2.828l15.342 14.551h-39.963c-1.104 0-2 .896-2 2s.896 2 2 2h39.899l-15.278 14.552c-.8.762-.831 2.028-.069 2.828.393.412.92.62 1.448.62.496 0 .992-.183 1.379-.552l17.449-16.62c.756-.755 1.172-1.759 1.172-2.828s-.416-2.073-1.207-2.862z\"\/><\/svg>\r\n                     <\/span>\r\n                  <\/div>\r\n                  <h3 class=\"title\">\u00bfEst\u00e1 dirigido a reci\u00e9n titulados?<\/h3>\r\n               <\/div>\r\n                                 <div class=\"descrption\">La experiencia nos indica que pr\u00e1cticamente un 50% de los alumnos\/as son reci\u00e9n titulados y el otro 50% son personas que est\u00e1n trabajando en cuestiones relacionadas con la materia del m\u00e1ster. Esto no supone un obst\u00e1culo sino todo lo contrario. El resultado es lograr trabajar en equipo mejorando la eficiencia y buscar la calidad y la excelencia en las actividades a desarrollar.\n<\/div>\r\n                           <\/div>   \r\n         <\/li>\r\n               <li class=\"list-number-item\">\r\n            <div class=\"content-inner\">\r\n               <div class=\"content-top\">\r\n                  <div class=\"number\">\r\n                     <span>\r\n                     10                      <svg enable-background=\"new 0 0 64 64\" height=\"512\" viewBox=\"0 0 64 64\" width=\"512\" xmlns=\"http:\/\/www.w3.org\/2000\/svg\"><path d=\"m37.379 12.552c-.799-.761-2.066-.731-2.827.069-.762.8-.73 2.066.069 2.828l15.342 14.551h-39.963c-1.104 0-2 .896-2 2s.896 2 2 2h39.899l-15.278 14.552c-.8.762-.831 2.028-.069 2.828.393.412.92.62 1.448.62.496 0 .992-.183 1.379-.552l17.449-16.62c.756-.755 1.172-1.759 1.172-2.828s-.416-2.073-1.207-2.862z\"\/><\/svg>\r\n                     <\/span>\r\n                  <\/div>\r\n                  <h3 class=\"title\">\u00bfLos alumnos\/as son de la comunidad andaluza?<\/h3>\r\n               <\/div>\r\n                                 <div class=\"descrption\">Una parte vienen de otras comunidades aut\u00f3nomas, pero otra parte sustancial de otros pa\u00edses como ha sido de Alemania, Italia, Senegal, Ecuador, Bolivia, Colombia, Per\u00fa y M\u00e9xico.\n<\/div>\r\n                           <\/div>   \r\n         <\/li>\r\n               <li class=\"list-number-item\">\r\n            <div class=\"content-inner\">\r\n               <div class=\"content-top\">\r\n                  <div class=\"number\">\r\n                     <span>\r\n                     11                      <svg enable-background=\"new 0 0 64 64\" height=\"512\" viewBox=\"0 0 64 64\" width=\"512\" xmlns=\"http:\/\/www.w3.org\/2000\/svg\"><path d=\"m37.379 12.552c-.799-.761-2.066-.731-2.827.069-.762.8-.73 2.066.069 2.828l15.342 14.551h-39.963c-1.104 0-2 .896-2 2s.896 2 2 2h39.899l-15.278 14.552c-.8.762-.831 2.028-.069 2.828.393.412.92.62 1.448.62.496 0 .992-.183 1.379-.552l17.449-16.62c.756-.755 1.172-1.759 1.172-2.828s-.416-2.073-1.207-2.862z\"\/><\/svg>\r\n                     <\/span>\r\n                  <\/div>\r\n                  <h3 class=\"title\">\u00bfEs caro vivir en Almer\u00eda?<\/h3>\r\n               <\/div>\r\n                                 <div class=\"descrption\">Almer\u00eda es una de las provincias espa\u00f1olas donde el estudiante puede vivir y disfrutas m\u00e1s. Los alojamientos no son caros, la alimentaci\u00f3n es barata y dos aspectos fundamentales: la seguridad y un lema muy de estas tierras, en Almer\u00eda nunca te sentir\u00e1s un extra\u00f1o.\n<\/div>\r\n                           <\/div>   \r\n         <\/li>\r\n               <li class=\"list-number-item\">\r\n            <div class=\"content-inner\">\r\n               <div class=\"content-top\">\r\n                  <div class=\"number\">\r\n                     <span>\r\n                     12                      <svg enable-background=\"new 0 0 64 64\" height=\"512\" viewBox=\"0 0 64 64\" width=\"512\" xmlns=\"http:\/\/www.w3.org\/2000\/svg\"><path d=\"m37.379 12.552c-.799-.761-2.066-.731-2.827.069-.762.8-.73 2.066.069 2.828l15.342 14.551h-39.963c-1.104 0-2 .896-2 2s.896 2 2 2h39.899l-15.278 14.552c-.8.762-.831 2.028-.069 2.828.393.412.92.62 1.448.62.496 0 .992-.183 1.379-.552l17.449-16.62c.756-.755 1.172-1.759 1.172-2.828s-.416-2.073-1.207-2.862z\"\/><\/svg>\r\n                     <\/span>\r\n                  <\/div>\r\n                  <h3 class=\"title\">Y en la Universidad, \u00bfhay actividades de extensi\u00f3n?<\/h3>\r\n               <\/div>\r\n                                 <div class=\"descrption\">Se puede apuntar en actividades deportivas, culturales, medio ambientales, entre otras. Se dispone de una biblioteca que es uno de los emblemas de la universidad y otro tema fundamental, es una universidad que est\u00e1 frente al mar Mediterr\u00e1neo. Se puede ir desde la ciudad a la universidad en bicicleta disfrutando de unos paisajes incre\u00edbles.\n<\/div>\r\n                           <\/div>   \r\n         <\/li>\r\n               <li class=\"list-number-item\">\r\n            <div class=\"content-inner\">\r\n               <div class=\"content-top\">\r\n                  <div class=\"number\">\r\n                     <span>\r\n                     13                      <svg enable-background=\"new 0 0 64 64\" height=\"512\" viewBox=\"0 0 64 64\" width=\"512\" xmlns=\"http:\/\/www.w3.org\/2000\/svg\"><path d=\"m37.379 12.552c-.799-.761-2.066-.731-2.827.069-.762.8-.73 2.066.069 2.828l15.342 14.551h-39.963c-1.104 0-2 .896-2 2s.896 2 2 2h39.899l-15.278 14.552c-.8.762-.831 2.028-.069 2.828.393.412.92.62 1.448.62.496 0 .992-.183 1.379-.552l17.449-16.62c.756-.755 1.172-1.759 1.172-2.828s-.416-2.073-1.207-2.862z\"\/><\/svg>\r\n                     <\/span>\r\n                  <\/div>\r\n                  <h3 class=\"title\">Y si tengo dudas, \u00bfa qui\u00e9n puedo preguntar?<\/h3>\r\n               <\/div>\r\n                                 <div class=\"descrption\">Cualquiera de los profesores est\u00e1n a vuestra disposici\u00f3n, ten\u00e9is sus emails en sus perfiles y en la p\u00e1gina web de la universidad. Pero el coordinador puede ser la persona m\u00e1s indicada. En este caso es Jaime de Pablo y su email es jdepablo@ual.es\n<\/div>\r\n                           <\/div>   \r\n         <\/li>\r\n               <li class=\"list-number-item\">\r\n            <div class=\"content-inner\">\r\n               <div class=\"content-top\">\r\n                  <div class=\"number\">\r\n                     <span>\r\n                     14                      <svg enable-background=\"new 0 0 64 64\" height=\"512\" viewBox=\"0 0 64 64\" width=\"512\" xmlns=\"http:\/\/www.w3.org\/2000\/svg\"><path d=\"m37.379 12.552c-.799-.761-2.066-.731-2.827.069-.762.8-.73 2.066.069 2.828l15.342 14.551h-39.963c-1.104 0-2 .896-2 2s.896 2 2 2h39.899l-15.278 14.552c-.8.762-.831 2.028-.069 2.828.393.412.92.62 1.448.62.496 0 .992-.183 1.379-.552l17.449-16.62c.756-.755 1.172-1.759 1.172-2.828s-.416-2.073-1.207-2.862z\"\/><\/svg>\r\n                     <\/span>\r\n                  <\/div>\r\n                  <h3 class=\"title\">\u00bfC\u00f3mo puedo saber el horario del m\u00e1ster?<\/h3>\r\n               <\/div>\r\n                                 <div class=\"descrption\">Desde el mes de junio est\u00e1 en la p\u00e1gina https:\/\/www.ual.es\/universidad\/centros\/cienciaseconomicas\n\nY al inicio del m\u00e1ster, en el mes de octubre todas las asignaturas tendr\u00e1n sus gu\u00edas de estudio en las que se clarificar\u00e1 qu\u00e9 clases son presenciales y cu\u00e1les virtuales.\n<\/div>\r\n                           <\/div>   \r\n         <\/li>\r\n               <li class=\"list-number-item\">\r\n            <div class=\"content-inner\">\r\n               <div class=\"content-top\">\r\n                  <div class=\"number\">\r\n                     <span>\r\n                     15                      <svg enable-background=\"new 0 0 64 64\" height=\"512\" viewBox=\"0 0 64 64\" width=\"512\" xmlns=\"http:\/\/www.w3.org\/2000\/svg\"><path d=\"m37.379 12.552c-.799-.761-2.066-.731-2.827.069-.762.8-.73 2.066.069 2.828l15.342 14.551h-39.963c-1.104 0-2 .896-2 2s.896 2 2 2h39.899l-15.278 14.552c-.8.762-.831 2.028-.069 2.828.393.412.92.62 1.448.62.496 0 .992-.183 1.379-.552l17.449-16.62c.756-.755 1.172-1.759 1.172-2.828s-.416-2.073-1.207-2.862z\"\/><\/svg>\r\n                     <\/span>\r\n                  <\/div>\r\n                  <h3 class=\"title\">\u00bfSe puede ver alguna aplicaci\u00f3n directa del m\u00e1ster?<\/h3>\r\n               <\/div>\r\n                                 <div class=\"descrption\">Desde el Grupo Almeriense de Econom\u00eda Aplicada se est\u00e1 llevando a cabo el Proyecto Marca Pueblo, en el que se aplican las metodolog\u00edas vistas a lo largo del m\u00e1ster para la elaboraci\u00f3n de estrategias municipales. Para m\u00e1s informaci\u00f3n del proyecto, se puede visitar su web: http:\/\/marcapueblo.ual.es\/<\/div>\r\n                           <\/div>   \r\n         <\/li>\r\n         <\/ul>  \r\n    \r\n<\/div>\r\n  <\/div>\t\t<\/div>\n\t\t\t\t<\/div>\n\t\t\t\t\t<\/div>\n\t\t<\/div>\n\t\t\t\t\t\t\t<\/div>\n\t\t<\/section>\n\t\t\t\t\t<\/div>\n\t\t<\/div>\n\t\t\t\t\t\t\t<\/div>\n\t\t<\/section>\n\t\t\t\t\t\t<\/div>\n\t\t\t\t\t<\/div>\n\t\t","protected":false},"excerpt":{"rendered":"<p>Preguntas frecuentes 01 \u00bfCu\u00e1l es el precio del m\u00e1ster? Depende, si se da el caso de que has terminado el grado en alguna de las universidades andaluzas en los dos [&hellip;]<\/p>\n","protected":false},"author":1,"featured_media":0,"parent":0,"menu_order":0,"comment_status":"closed","ping_status":"closed","template":"","meta":{"footnotes":""},"class_list":["post-5467","page","type-page","status-publish","hentry"],"_links":{"self":[{"href":"http:\/\/decoloso.ual.es\/index.php?rest_route=\/wp\/v2\/pages\/5467","targetHints":{"allow":["GET"]}}],"collection":[{"href":"http:\/\/decoloso.ual.es\/index.php?rest_route=\/wp\/v2\/pages"}],"about":[{"href":"http:\/\/decoloso.ual.es\/index.php?rest_route=\/wp\/v2\/types\/page"}],"author":[{"embeddable":true,"href":"http:\/\/decoloso.ual.es\/index.php?rest_route=\/wp\/v2\/users\/1"}],"replies":[{"embeddable":true,"href":"http:\/\/decoloso.ual.es\/index.php?rest_route=%2Fwp%2Fv2%2Fcomments&post=5467"}],"version-history":[{"count":13,"href":"http:\/\/decoloso.ual.es\/index.php?rest_route=\/wp\/v2\/pages\/5467\/revisions"}],"predecessor-version":[{"id":8921,"href":"http:\/\/decoloso.ual.es\/index.php?rest_route=\/wp\/v2\/pages\/5467\/revisions\/8921"}],"wp:attachment":[{"href":"http:\/\/decoloso.ual.es\/index.php?rest_route=%2Fwp%2Fv2%2Fmedia&parent=5467"}],"curies":[{"name":"wp","href":"https:\/\/api.w.org\/{rel}","templated":true}]}}