{"id":7247,"date":"2020-03-23T02:00:25","date_gmt":"2020-03-23T02:00:25","guid":{"rendered":"https:\/\/www.gavias-theme.com\/wp\/codesk\/?page_id=7247"},"modified":"2023-04-24T10:13:42","modified_gmt":"2023-04-24T10:13:42","slug":"plan","status":"publish","type":"page","link":"http:\/\/decoloso.ual.es\/?page_id=7247","title":{"rendered":"Plan de Estudios"},"content":{"rendered":"\t\t<div data-elementor-type=\"wp-page\" data-elementor-id=\"7247\" class=\"elementor elementor-7247\" data-elementor-settings=\"[]\">\n\t\t\t\t\t\t\t<div class=\"elementor-section-wrap\">\n\t\t\t\t\t\t\t<section class=\"elementor-section elementor-top-section elementor-element elementor-element-3162cdb elementor-section-boxed elementor-section-height-default elementor-section-height-default\" data-id=\"3162cdb\" data-element_type=\"section\">\n\t\t\t\t\t\t<div class=\"elementor-container elementor-column-gap-default\">\n\t\t\t\t\t<div class=\"elementor-column elementor-col-100 elementor-top-column elementor-element elementor-element-2519c72 column-style-top\" data-id=\"2519c72\" data-element_type=\"column\">\n\t\t\t<div class=\"elementor-widget-wrap elementor-element-populated\">\n\t\t\t\t\t\t\t\t<section class=\"elementor-section elementor-inner-section elementor-element elementor-element-3471b55 elementor-section-boxed elementor-section-height-default elementor-section-height-default\" data-id=\"3471b55\" data-element_type=\"section\">\n\t\t\t\t\t\t<div class=\"elementor-container elementor-column-gap-default\">\n\t\t\t\t\t<div class=\"elementor-column elementor-col-50 elementor-inner-column elementor-element elementor-element-38cb160 column-style-top\" data-id=\"38cb160\" data-element_type=\"column\">\n\t\t\t<div class=\"elementor-widget-wrap elementor-element-populated\">\n\t\t\t\t\t\t\t\t<div class=\"elementor-element elementor-element-5254305 elementor-widget elementor-widget-heading\" data-id=\"5254305\" data-element_type=\"widget\" data-widget_type=\"heading.default\">\n\t\t\t\t<div class=\"elementor-widget-container\">\n\t\t\t<style>\/*! elementor - v3.5.4 - 23-01-2022 *\/\n.elementor-heading-title{padding:0;margin:0;line-height:1}.elementor-widget-heading .elementor-heading-title[class*=elementor-size-]>a{color:inherit;font-size:inherit;line-height:inherit}.elementor-widget-heading .elementor-heading-title.elementor-size-small{font-size:15px}.elementor-widget-heading .elementor-heading-title.elementor-size-medium{font-size:19px}.elementor-widget-heading .elementor-heading-title.elementor-size-large{font-size:29px}.elementor-widget-heading .elementor-heading-title.elementor-size-xl{font-size:39px}.elementor-widget-heading .elementor-heading-title.elementor-size-xxl{font-size:59px}<\/style><h2 class=\"elementor-heading-title elementor-size-default\">\nEstructura del t\u00edtulo\n<\/h2>\t\t<\/div>\n\t\t\t\t<\/div>\n\t\t\t\t<div class=\"elementor-element elementor-element-16dc612 elementor-widget elementor-widget-text-editor\" data-id=\"16dc612\" data-element_type=\"widget\" data-widget_type=\"text-editor.default\">\n\t\t\t\t<div class=\"elementor-widget-container\">\n\t\t\t<style>\/*! elementor - v3.5.4 - 23-01-2022 *\/\n.elementor-widget-text-editor.elementor-drop-cap-view-stacked .elementor-drop-cap{background-color:#818a91;color:#fff}.elementor-widget-text-editor.elementor-drop-cap-view-framed .elementor-drop-cap{color:#818a91;border:3px solid;background-color:transparent}.elementor-widget-text-editor:not(.elementor-drop-cap-view-default) .elementor-drop-cap{margin-top:8px}.elementor-widget-text-editor:not(.elementor-drop-cap-view-default) .elementor-drop-cap-letter{width:1em;height:1em}.elementor-widget-text-editor .elementor-drop-cap{float:left;text-align:center;line-height:1;font-size:50px}.elementor-widget-text-editor .elementor-drop-cap-letter{display:inline-block}<\/style>\t\t\t\t<p style=\"text-align: justify;\">El M\u00e1ster planteado se estructura en 2 cuatrimestres, cada uno de ellos de 30 ECTS, compuesto por 4 M\u00f3dulos a realizar. Parte de un <strong>M\u00f3dulo Troncal con 30 cr\u00e9ditos ECTS (M\u00f3dulo 1)<\/strong>\u00a0<strong>de car\u00e1cter obligatorio<\/strong> que contiene los aspectos b\u00e1sicos conceptuales del Desarrollo Local, el Desarrollo Sostenible, el Codesarrollo, la Elaboraci\u00f3n y Gesti\u00f3n de Proyectos de Desarrollo y la Metodolog\u00eda de la Investigaci\u00f3n. A continuaci\u00f3n, el alumno debe cursar un total de <strong>24 cr\u00e9ditos ECTS de asignaturas optativas agrupadas en Dos M\u00f3dulos<\/strong> independientes que ambos deber\u00e1n realizarse, seguidas de un <strong>M\u00f3dulo 4 (TFM) nuevamente obligatorio para todos con los 6 cr\u00e9ditos restantes<\/strong>. Para obtener el t\u00edtulo del m\u00e1ster es necesario haber superado correctamente los 4 m\u00f3dulos propuestos.<\/p><p style=\"text-align: justify;\">El M\u00e1ster en Desarrollo y Codesarrollo Local Sostenible pretende tanto capacitar a los alumnos para desarrollar la actividad profesional, como dotarles de las herramientas necesarias para realizar trabajos de investigaci\u00f3n. En todo caso, las actividades previstas suponen un total de 60 cr\u00e9ditos ECTS.<\/p>\t\t\t\t\t\t<\/div>\n\t\t\t\t<\/div>\n\t\t\t\t<div class=\"elementor-element elementor-element-3777a71 elementor-widget elementor-widget-spacer\" data-id=\"3777a71\" data-element_type=\"widget\" data-widget_type=\"spacer.default\">\n\t\t\t\t<div class=\"elementor-widget-container\">\n\t\t\t\t\t<div class=\"elementor-spacer\">\n\t\t\t<div class=\"elementor-spacer-inner\"><\/div>\n\t\t<\/div>\n\t\t\t\t<\/div>\n\t\t\t\t<\/div>\n\t\t\t\t<div class=\"elementor-element elementor-element-3b369f7 elementor-widget elementor-widget-text-editor\" data-id=\"3b369f7\" data-element_type=\"widget\" data-widget_type=\"text-editor.default\">\n\t\t\t\t<div class=\"elementor-widget-container\">\n\t\t\t\t\t\t\t<p style=\"text-align: justify;\">Tras superar el M\u00f3dulo 1 de car\u00e1cter obligatorio, el alumno deber\u00e1 escoger las asignaturas a cursar en los 24 cr\u00e9ditos optativos.<\/p><p style=\"text-align: justify;\">El M\u00f3dulo 2 (primer m\u00f3dulo de optativas para el alumno) se ha denominado \u00abOptatividad del Itinerario\u00bb. Se encuentran las asignaturas que orientan la formaci\u00f3n recibida hacia el \u00e1mbito profesional o el investigador. En este m\u00f3dulo, se deja al alumno escoger para que curse un total de 9 cr\u00e9ditos mediante la asignatura espec\u00edfica propuesta para cada uno de los itinerarios que \u00e9l desee:<\/p><ul style=\"text-align: justify;\"><li>Perfil investigador (Itinerario de Investigaci\u00f3n):<br \/>Recopilaci\u00f3n, tratamiento y an\u00e1lisis de datos (9 ECTS)<\/li><li>Perfil profesional (Itinerario de Gesti\u00f3n):<br \/>Experiencias de campo (9 ECTS)<\/li><\/ul><p style=\"text-align: justify;\">En el siguiente m\u00f3dulo denominado \u00abOptatividad General\u00bb, M\u00f3dulo 3, el alumno debe cursar los 15 cr\u00e9ditos de ECTS que le restan eligiendo entre las asignaturas propuestas de Territorio y Desarrollo, Pol\u00edticas e Instrumentos de Desarrollo Local, Derechos Humanos y Cooperaci\u00f3n al Desarrollo, Econom\u00eda Social o las TICs en el Desarrollo.<\/p><p style=\"text-align: justify;\">Nada impide que, quien as\u00ed lo desee, se matricule de todas o parte las asignaturas propuestas tanto del m\u00f3dulo 2 como del 3 completando m\u00e1s de los 24 cr\u00e9ditos de formaci\u00f3n optativa. Ello s\u00ed, es necesaria la selecci\u00f3n de un perfil principal y se debe ser consciente de que es posible que existan solapes horarios al escoger m\u00e1s de una asignatura del mismo rango.<\/p><p style=\"text-align: justify;\">Por \u00faltimo, se debe realizar un trabajo Fin de M\u00e1ster (M\u00f3dulo 4) consistente en un proyecto de investigaci\u00f3n tutelado por los profesores del M\u00e1ster (6 ECTS).<\/p>\t\t\t\t\t\t<\/div>\n\t\t\t\t<\/div>\n\t\t\t\t\t<\/div>\n\t\t<\/div>\n\t\t\t\t<div class=\"elementor-column elementor-col-50 elementor-inner-column elementor-element elementor-element-58a8940 column-style-top\" data-id=\"58a8940\" data-element_type=\"column\">\n\t\t\t<div class=\"elementor-widget-wrap elementor-element-populated\">\n\t\t\t\t\t\t\t\t<div class=\"elementor-element elementor-element-c61e5b1 elementor-widget elementor-widget-image\" data-id=\"c61e5b1\" data-element_type=\"widget\" data-widget_type=\"image.default\">\n\t\t\t\t<div class=\"elementor-widget-container\">\n\t\t\t<style>\/*! elementor - v3.5.4 - 23-01-2022 *\/\n.elementor-widget-image{text-align:center}.elementor-widget-image a{display:inline-block}.elementor-widget-image a img[src$=\".svg\"]{width:48px}.elementor-widget-image img{vertical-align:middle;display:inline-block}<\/style>\t\t\t\t\t\t\t\t\t\t\t\t<img loading=\"lazy\" decoding=\"async\" width=\"703\" height=\"499\" src=\"http:\/\/decoloso.ual.es\/wp-content\/uploads\/2023\/04\/7124-diagrama-flujo.jpg\" class=\"attachment-full size-full\" alt=\"\" \/>\t\t\t\t\t\t\t\t\t\t\t\t\t\t\t<\/div>\n\t\t\t\t<\/div>\n\t\t\t\t<div class=\"elementor-element elementor-element-2783ae8 elementor-widget elementor-widget-spacer\" data-id=\"2783ae8\" data-element_type=\"widget\" data-widget_type=\"spacer.default\">\n\t\t\t\t<div class=\"elementor-widget-container\">\n\t\t\t\t\t<div class=\"elementor-spacer\">\n\t\t\t<div class=\"elementor-spacer-inner\"><\/div>\n\t\t<\/div>\n\t\t\t\t<\/div>\n\t\t\t\t<\/div>\n\t\t\t\t<div class=\"elementor-element elementor-element-77228b9 elementor-widget elementor-widget-heading\" data-id=\"77228b9\" data-element_type=\"widget\" data-widget_type=\"heading.default\">\n\t\t\t\t<div class=\"elementor-widget-container\">\n\t\t\t<h2 class=\"elementor-heading-title elementor-size-default\">\nDistribuci\u00f3n del plan de estudios en cr\u00e9ditos ECTS por tipo de materia\n<\/h2>\t\t<\/div>\n\t\t\t\t<\/div>\n\t\t\t\t<div class=\"elementor-element elementor-element-0abc4a2 elementor-widget elementor-widget-text-editor\" data-id=\"0abc4a2\" data-element_type=\"widget\" data-widget_type=\"text-editor.default\">\n\t\t\t\t<div class=\"elementor-widget-container\">\n\t\t\t\t\t\t\t<table width=\"553\"><thead><tr><th class=\"tituloTabla\" scope=\"col\"><h4>Tipo de materia<\/h4><\/th><th class=\"tituloTabla\" scope=\"col\"><h4>Cr\u00e9ditos<\/h4><\/th><\/tr><\/thead><tbody><tr><th class=\"tipo_materia\" scope=\"row\">Obligatoria<\/th><td class=\"centro\">30<\/td><\/tr><tr><th class=\"tipo_materia\" scope=\"row\">Optativa<\/th><td class=\"centro\">24<\/td><\/tr><tr><th class=\"tipo_materia\" scope=\"row\">Trabajo Fin De M\u00e1ster<\/th><td class=\"centro\">6<\/td><\/tr><tr><th scope=\"row\">Total<\/th><td class=\"centro\">60<\/td><\/tr><\/tbody><\/table>\t\t\t\t\t\t<\/div>\n\t\t\t\t<\/div>\n\t\t\t\t<div class=\"elementor-element elementor-element-a034b17 elementor-widget elementor-widget-spacer\" data-id=\"a034b17\" data-element_type=\"widget\" data-widget_type=\"spacer.default\">\n\t\t\t\t<div class=\"elementor-widget-container\">\n\t\t\t\t\t<div class=\"elementor-spacer\">\n\t\t\t<div class=\"elementor-spacer-inner\"><\/div>\n\t\t<\/div>\n\t\t\t\t<\/div>\n\t\t\t\t<\/div>\n\t\t\t\t<div class=\"elementor-element elementor-element-3e1754d elementor-widget elementor-widget-heading\" data-id=\"3e1754d\" data-element_type=\"widget\" data-widget_type=\"heading.default\">\n\t\t\t\t<div class=\"elementor-widget-container\">\n\t\t\t<h2 class=\"elementor-heading-title elementor-size-default\">Otra informaci\u00f3n<\/h2>\t\t<\/div>\n\t\t\t\t<\/div>\n\t\t\t\t<div class=\"elementor-element elementor-element-63dc472 elementor-widget elementor-widget-text-editor\" data-id=\"63dc472\" data-element_type=\"widget\" data-widget_type=\"text-editor.default\">\n\t\t\t\t<div class=\"elementor-widget-container\">\n\t\t\t\t\t\t\t<p style=\"text-align: justify;\"><a href=\"https:\/\/www.ual.es\/estudios\/masteres\/presentacion\/horarios\/horariogrupo\/7124\/1524206\">Consulta los horarios<\/a><\/p><p style=\"text-align: justify;\"><a href=\"https:\/\/www.ual.es\/estudios\/masteres\/presentacion\/horarios\/examenes\/7124\">Accede al calendario de ex\u00e1menes<\/a><\/p>\t\t\t\t\t\t<\/div>\n\t\t\t\t<\/div>\n\t\t\t\t<div class=\"elementor-element elementor-element-9219bf4 elementor-widget elementor-widget-spacer\" data-id=\"9219bf4\" data-element_type=\"widget\" data-widget_type=\"spacer.default\">\n\t\t\t\t<div class=\"elementor-widget-container\">\n\t\t\t\t\t<div class=\"elementor-spacer\">\n\t\t\t<div class=\"elementor-spacer-inner\"><\/div>\n\t\t<\/div>\n\t\t\t\t<\/div>\n\t\t\t\t<\/div>\n\t\t\t\t<div class=\"elementor-element elementor-element-c156874 elementor-widget elementor-widget-heading\" data-id=\"c156874\" data-element_type=\"widget\" data-widget_type=\"heading.default\">\n\t\t\t\t<div class=\"elementor-widget-container\">\n\t\t\t<h2 class=\"elementor-heading-title elementor-size-default\">\nSistema de Calificaciones\n<\/h2>\t\t<\/div>\n\t\t\t\t<\/div>\n\t\t\t\t<div class=\"elementor-element elementor-element-531f683 elementor-widget elementor-widget-text-editor\" data-id=\"531f683\" data-element_type=\"widget\" data-widget_type=\"text-editor.default\">\n\t\t\t\t<div class=\"elementor-widget-container\">\n\t\t\t\t\t\t\t<p style=\"text-align: justify;\">Los resultados obtenidos por el alumno en cada una de las materias del plan de estudios se calificar\u00e1n en funci\u00f3n de la siguiente escala num\u00e9rica de 0 a 10, con expresi\u00f3n de un decimal, a la que podr\u00e1 a\u00f1adirse su correspondiente calificaci\u00f3n cualitativa:<\/p><ul><li style=\"text-align: justify;\"><strong>Suspenso:<\/strong> desde 0 hasta 4.9<\/li><li style=\"text-align: justify;\"><strong>Aprobado:<\/strong> desde 5 hasta 6.9<\/li><li style=\"text-align: justify;\"><strong>Notable:<\/strong> desde 7 hasta 8.9<\/li><li style=\"text-align: justify;\"><strong>Sobresaliente:<\/strong> desde 9 hasta 10<\/li><li style=\"text-align: justify;\"><strong>Matr\u00edcula de honor:<\/strong> sobresaliente m\u00e1s menci\u00f3n especial<\/li><\/ul>\t\t\t\t\t\t<\/div>\n\t\t\t\t<\/div>\n\t\t\t\t\t<\/div>\n\t\t<\/div>\n\t\t\t\t\t\t\t<\/div>\n\t\t<\/section>\n\t\t\t\t\t<\/div>\n\t\t<\/div>\n\t\t\t\t\t\t\t<\/div>\n\t\t<\/section>\n\t\t\t\t\t\t<\/div>\n\t\t\t\t\t<\/div>\n\t\t","protected":false},"excerpt":{"rendered":"<p>Estructura del t\u00edtulo El M\u00e1ster planteado se estructura en 2 cuatrimestres, cada uno de ellos de 30 ECTS, compuesto por 4 M\u00f3dulos a realizar. Parte de un M\u00f3dulo Troncal con [&hellip;]<\/p>\n","protected":false},"author":1,"featured_media":0,"parent":0,"menu_order":0,"comment_status":"closed","ping_status":"closed","template":"","meta":{"footnotes":""},"class_list":["post-7247","page","type-page","status-publish","hentry"],"_links":{"self":[{"href":"http:\/\/decoloso.ual.es\/index.php?rest_route=\/wp\/v2\/pages\/7247","targetHints":{"allow":["GET"]}}],"collection":[{"href":"http:\/\/decoloso.ual.es\/index.php?rest_route=\/wp\/v2\/pages"}],"about":[{"href":"http:\/\/decoloso.ual.es\/index.php?rest_route=\/wp\/v2\/types\/page"}],"author":[{"embeddable":true,"href":"http:\/\/decoloso.ual.es\/index.php?rest_route=\/wp\/v2\/users\/1"}],"replies":[{"embeddable":true,"href":"http:\/\/decoloso.ual.es\/index.php?rest_route=%2Fwp%2Fv2%2Fcomments&post=7247"}],"version-history":[{"count":43,"href":"http:\/\/decoloso.ual.es\/index.php?rest_route=\/wp\/v2\/pages\/7247\/revisions"}],"predecessor-version":[{"id":8909,"href":"http:\/\/decoloso.ual.es\/index.php?rest_route=\/wp\/v2\/pages\/7247\/revisions\/8909"}],"wp:attachment":[{"href":"http:\/\/decoloso.ual.es\/index.php?rest_route=%2Fwp%2Fv2%2Fmedia&parent=7247"}],"curies":[{"name":"wp","href":"https:\/\/api.w.org\/{rel}","templated":true}]}}