{"id":8449,"date":"2022-02-01T18:04:17","date_gmt":"2022-02-01T18:04:17","guid":{"rendered":"http:\/\/decoloso.ual.es\/?page_id=8449"},"modified":"2023-04-25T08:44:46","modified_gmt":"2023-04-25T08:44:46","slug":"presentacion-2","status":"publish","type":"page","link":"http:\/\/decoloso.ual.es\/?page_id=8449","title":{"rendered":"Presentaci\u00f3n"},"content":{"rendered":"\t\t<div data-elementor-type=\"wp-page\" data-elementor-id=\"8449\" class=\"elementor elementor-8449\" data-elementor-settings=\"[]\">\n\t\t\t\t\t\t\t<div class=\"elementor-section-wrap\">\n\t\t\t\t\t\t\t<section class=\"elementor-section elementor-top-section elementor-element elementor-element-5562231 elementor-section-boxed elementor-section-height-default elementor-section-height-default\" data-id=\"5562231\" data-element_type=\"section\" data-settings=\"{&quot;background_background&quot;:&quot;classic&quot;}\">\n\t\t\t\t\t\t<div class=\"elementor-container elementor-column-gap-default\">\n\t\t\t\t\t<div class=\"elementor-column elementor-col-50 elementor-top-column elementor-element elementor-element-d6804e4 column-style-top\" data-id=\"d6804e4\" data-element_type=\"column\">\n\t\t\t<div class=\"elementor-widget-wrap elementor-element-populated\">\n\t\t\t\t\t\t\t\t<div class=\"elementor-element elementor-element-017e0b7 elementor-widget elementor-widget-heading\" data-id=\"017e0b7\" data-element_type=\"widget\" data-widget_type=\"heading.default\">\n\t\t\t\t<div class=\"elementor-widget-container\">\n\t\t\t<style>\/*! elementor - v3.5.4 - 23-01-2022 *\/\n.elementor-heading-title{padding:0;margin:0;line-height:1}.elementor-widget-heading .elementor-heading-title[class*=elementor-size-]>a{color:inherit;font-size:inherit;line-height:inherit}.elementor-widget-heading .elementor-heading-title.elementor-size-small{font-size:15px}.elementor-widget-heading .elementor-heading-title.elementor-size-medium{font-size:19px}.elementor-widget-heading .elementor-heading-title.elementor-size-large{font-size:29px}.elementor-widget-heading .elementor-heading-title.elementor-size-xl{font-size:39px}.elementor-widget-heading .elementor-heading-title.elementor-size-xxl{font-size:59px}<\/style><h2 class=\"elementor-heading-title elementor-size-default\">Presentaci\u00f3n<\/h2>\t\t<\/div>\n\t\t\t\t<\/div>\n\t\t\t\t<div class=\"elementor-element elementor-element-057e13b elementor-widget elementor-widget-text-editor\" data-id=\"057e13b\" data-element_type=\"widget\" data-widget_type=\"text-editor.default\">\n\t\t\t\t<div class=\"elementor-widget-container\">\n\t\t\t<style>\/*! elementor - v3.5.4 - 23-01-2022 *\/\n.elementor-widget-text-editor.elementor-drop-cap-view-stacked .elementor-drop-cap{background-color:#818a91;color:#fff}.elementor-widget-text-editor.elementor-drop-cap-view-framed .elementor-drop-cap{color:#818a91;border:3px solid;background-color:transparent}.elementor-widget-text-editor:not(.elementor-drop-cap-view-default) .elementor-drop-cap{margin-top:8px}.elementor-widget-text-editor:not(.elementor-drop-cap-view-default) .elementor-drop-cap-letter{width:1em;height:1em}.elementor-widget-text-editor .elementor-drop-cap{float:left;text-align:center;line-height:1;font-size:50px}.elementor-widget-text-editor .elementor-drop-cap-letter{display:inline-block}<\/style>\t\t\t\t<p style=\"text-align: justify;\">El M\u00e1ster en \u00abDesarrollo y Codesarrollo Local Sostenible\u00bb pretende cubrir una necesidad de la sociedad, repetidamente solicitada por personas e instituciones, que demanda profesionales con la formaci\u00f3n adecuada que puedan impulsar el desarrollo en sus m\u00e1s diversas facetas. Esta formaci\u00f3n debe combinar m\u00faltiples saberes \u2014antropolog\u00eda, econom\u00eda, derecho, geograf\u00eda, medioambiente, etc.\u2014 que permitan a las personas que terminen el M\u00e1ster desarrollar su trabajo con profesionalidad y eficacia.<\/p><p style=\"text-align: justify;\">El M\u00e1ster aborda, desde las perspectivas acad\u00e9mica, cient\u00edfica y profesional aspectos de perenne actualidad, que tanto tienen que ver con el desarrollo de los pueblos y de las personas:<\/p><ul><li style=\"text-align: justify;\">Desarrollo y Codesarrollo local, entendido en sus m\u00faltiples aspectos: rural y urbano, interior y litoral\u2026 estudiando los diversos modelos y sus peculiares caracter\u00edsticas (distritos industriales, sistemas productivos locales, planes de desarrollo local\u2026).<\/li><li style=\"text-align: justify;\">Cooperaci\u00f3n al desarrollo y movimientos poblacionales, pues precisamente buena parte de estos movimientos est\u00e1n originados por la pobreza y el reducido nivel de vida de los lugares desde los que se inician, o por las guerras y la inestabilidad social, causas, en la mayor parte de los casos, del subdesarrollo. La cooperaci\u00f3n al desarrollo y la formaci\u00f3n de personas de otros lugares, que despu\u00e9s impulsen el desarrollo socioecon\u00f3mico en sus pa\u00edses de origen, es trascendental para mejorar el nivel de vida de muchas zonas que ahora son focos de pobreza y de inmigraci\u00f3n.<\/li><li style=\"text-align: justify;\">Sostenibilidad, que comporta planes de desarrollo que hagan un uso racional de los recursos, que respeten el medio ambiente y que no hipotequen el desarrollo de las futuras generaciones. Y que, al mismo tiempo, sean viables desde el punto de vista econ\u00f3mico.<\/li><\/ul>\t\t\t\t\t\t<\/div>\n\t\t\t\t<\/div>\n\t\t\t\t\t<\/div>\n\t\t<\/div>\n\t\t\t\t<div class=\"elementor-column elementor-col-50 elementor-top-column elementor-element elementor-element-138237c column-style-top\" data-id=\"138237c\" data-element_type=\"column\">\n\t\t\t<div class=\"elementor-widget-wrap elementor-element-populated\">\n\t\t\t\t\t\t\t\t<div class=\"elementor-element elementor-element-d9ef8b1 elementor-widget elementor-widget-heading\" data-id=\"d9ef8b1\" data-element_type=\"widget\" data-widget_type=\"heading.default\">\n\t\t\t\t<div class=\"elementor-widget-container\">\n\t\t\t<h2 class=\"elementor-heading-title elementor-size-default\">Centros Responsables en el que se imparte el T\u00edtulo<\/h2>\t\t<\/div>\n\t\t\t\t<\/div>\n\t\t\t\t<div class=\"elementor-element elementor-element-423aeed elementor-widget elementor-widget-text-editor\" data-id=\"423aeed\" data-element_type=\"widget\" data-widget_type=\"text-editor.default\">\n\t\t\t\t<div class=\"elementor-widget-container\">\n\t\t\t\t\t\t\t<p style=\"text-align: justify;\">Facultad de Ciencias Econ\u00f3micas y Empresariales<\/p>\t\t\t\t\t\t<\/div>\n\t\t\t\t<\/div>\n\t\t\t\t<div class=\"elementor-element elementor-element-4446c2a elementor-widget elementor-widget-spacer\" data-id=\"4446c2a\" data-element_type=\"widget\" data-widget_type=\"spacer.default\">\n\t\t\t\t<div class=\"elementor-widget-container\">\n\t\t\t\t\t<div class=\"elementor-spacer\">\n\t\t\t<div class=\"elementor-spacer-inner\"><\/div>\n\t\t<\/div>\n\t\t\t\t<\/div>\n\t\t\t\t<\/div>\n\t\t\t\t<div class=\"elementor-element elementor-element-e85c741 elementor-widget elementor-widget-heading\" data-id=\"e85c741\" data-element_type=\"widget\" data-widget_type=\"heading.default\">\n\t\t\t\t<div class=\"elementor-widget-container\">\n\t\t\t<h2 class=\"elementor-heading-title elementor-size-default\">Especialidades \/ Itinerarios\u200b<\/h2>\t\t<\/div>\n\t\t\t\t<\/div>\n\t\t\t\t<div class=\"elementor-element elementor-element-1664265 elementor-widget elementor-widget-text-editor\" data-id=\"1664265\" data-element_type=\"widget\" data-widget_type=\"text-editor.default\">\n\t\t\t\t<div class=\"elementor-widget-container\">\n\t\t\t\t\t\t\t<p style=\"text-align: justify;\">Especialidad en Gesti\u00f3n de Iniciativas Locales<\/p><p style=\"text-align: justify;\">Especialidad en Investigaci\u00f3n en \u00c1mbitos Locales<\/p>\t\t\t\t\t\t<\/div>\n\t\t\t\t<\/div>\n\t\t\t\t<div class=\"elementor-element elementor-element-873be42 elementor-widget elementor-widget-spacer\" data-id=\"873be42\" data-element_type=\"widget\" data-widget_type=\"spacer.default\">\n\t\t\t\t<div class=\"elementor-widget-container\">\n\t\t\t\t\t<div class=\"elementor-spacer\">\n\t\t\t<div class=\"elementor-spacer-inner\"><\/div>\n\t\t<\/div>\n\t\t\t\t<\/div>\n\t\t\t\t<\/div>\n\t\t\t\t<div class=\"elementor-element elementor-element-163c116 elementor-widget elementor-widget-heading\" data-id=\"163c116\" data-element_type=\"widget\" data-widget_type=\"heading.default\">\n\t\t\t\t<div class=\"elementor-widget-container\">\n\t\t\t<h2 class=\"elementor-heading-title elementor-size-default\">TR\u00cdPTICO DE PRESENTACI\u00d3N<\/h2>\t\t<\/div>\n\t\t\t\t<\/div>\n\t\t\t\t<div class=\"elementor-element elementor-element-5bd8e5f elementor-widget elementor-widget-image-gallery\" data-id=\"5bd8e5f\" data-element_type=\"widget\" data-widget_type=\"image-gallery.default\">\n\t\t\t\t<div class=\"elementor-widget-container\">\n\t\t\t<style>\/*! elementor - v3.5.4 - 23-01-2022 *\/\n.elementor-image-gallery .gallery-item{display:inline-block;text-align:center;vertical-align:top;width:100%;max-width:100%;margin:0 auto}.elementor-image-gallery .gallery-item img{margin:0 auto}.elementor-image-gallery .gallery-item .gallery-caption{margin:0}.elementor-image-gallery figure img{display:block}.elementor-image-gallery figure figcaption{width:100%}.gallery-spacing-custom .elementor-image-gallery .gallery-icon{padding:0}@media (min-width:768px){.elementor-image-gallery .gallery-columns-2 .gallery-item{max-width:50%}.elementor-image-gallery .gallery-columns-3 .gallery-item{max-width:33.33%}.elementor-image-gallery .gallery-columns-4 .gallery-item{max-width:25%}.elementor-image-gallery .gallery-columns-5 .gallery-item{max-width:20%}.elementor-image-gallery .gallery-columns-6 .gallery-item{max-width:16.666%}.elementor-image-gallery .gallery-columns-7 .gallery-item{max-width:14.28%}.elementor-image-gallery .gallery-columns-8 .gallery-item{max-width:12.5%}.elementor-image-gallery .gallery-columns-9 .gallery-item{max-width:11.11%}.elementor-image-gallery .gallery-columns-10 .gallery-item{max-width:10%}}@media (min-width:480px) and (max-width:767px){.elementor-image-gallery .gallery.gallery-columns-2 .gallery-item,.elementor-image-gallery .gallery.gallery-columns-3 .gallery-item,.elementor-image-gallery .gallery.gallery-columns-4 .gallery-item,.elementor-image-gallery .gallery.gallery-columns-5 .gallery-item,.elementor-image-gallery .gallery.gallery-columns-6 .gallery-item,.elementor-image-gallery .gallery.gallery-columns-7 .gallery-item,.elementor-image-gallery .gallery.gallery-columns-8 .gallery-item,.elementor-image-gallery .gallery.gallery-columns-9 .gallery-item,.elementor-image-gallery .gallery.gallery-columns-10 .gallery-item{max-width:50%}}@media (max-width:479px){.elementor-image-gallery .gallery.gallery-columns-2 .gallery-item,.elementor-image-gallery .gallery.gallery-columns-3 .gallery-item,.elementor-image-gallery .gallery.gallery-columns-4 .gallery-item,.elementor-image-gallery .gallery.gallery-columns-5 .gallery-item,.elementor-image-gallery .gallery.gallery-columns-6 .gallery-item,.elementor-image-gallery .gallery.gallery-columns-7 .gallery-item,.elementor-image-gallery .gallery.gallery-columns-8 .gallery-item,.elementor-image-gallery .gallery.gallery-columns-9 .gallery-item,.elementor-image-gallery .gallery.gallery-columns-10 .gallery-item{max-width:100%}}<\/style>\t\t<div class=\"elementor-image-gallery\">\n\t\t\t\n\t\t<style type=\"text\/css\">\n\t\t\t#gallery-1 {\n\t\t\t\tmargin: auto;\n\t\t\t}\n\t\t\t#gallery-1 .gallery-item {\n\t\t\t\tfloat: left;\n\t\t\t\tmargin-top: 10px;\n\t\t\t\ttext-align: center;\n\t\t\t\twidth: 50%;\n\t\t\t}\n\t\t\t#gallery-1 img {\n\t\t\t\tborder: 2px solid #cfcfcf;\n\t\t\t}\n\t\t\t#gallery-1 .gallery-caption {\n\t\t\t\tmargin-left: 0;\n\t\t\t}\n\t\t\t\/* see gallery_shortcode() in wp-includes\/media.php *\/\n\t\t<\/style>\n\t\t<div id='gallery-1' class='gallery galleryid-8449 gallery-columns-2 gallery-size-thumbnail'><dl class='gallery-item'>\n\t\t\t<dt class='gallery-icon landscape'>\n\t\t\t\t<a data-elementor-open-lightbox=\"yes\" data-elementor-lightbox-slideshow=\"5bd8e5f\" data-elementor-lightbox-title=\"Triptico DECOLOSO P\u00e1gina 1\" href='http:\/\/decoloso.ual.es\/wp-content\/uploads\/2023\/04\/Triptico-DECOLOSO-2023_Pagina_1-scaled.jpg'><img loading=\"lazy\" decoding=\"async\" width=\"180\" height=\"180\" src=\"http:\/\/decoloso.ual.es\/wp-content\/uploads\/2023\/04\/Triptico-DECOLOSO-2023_Pagina_1-180x180.jpg\" class=\"attachment-thumbnail size-thumbnail\" alt=\"\" \/><\/a>\n\t\t\t<\/dt><\/dl><dl class='gallery-item'>\n\t\t\t<dt class='gallery-icon landscape'>\n\t\t\t\t<a data-elementor-open-lightbox=\"yes\" data-elementor-lightbox-slideshow=\"5bd8e5f\" data-elementor-lightbox-title=\"Triptico DECOLOSO P\u00e1gina 2\" href='http:\/\/decoloso.ual.es\/wp-content\/uploads\/2023\/04\/Triptico-DECOLOSO-2023_Pagina_2-scaled.jpg'><img loading=\"lazy\" decoding=\"async\" width=\"180\" height=\"180\" src=\"http:\/\/decoloso.ual.es\/wp-content\/uploads\/2023\/04\/Triptico-DECOLOSO-2023_Pagina_2-180x180.jpg\" class=\"attachment-thumbnail size-thumbnail\" alt=\"\" \/><\/a>\n\t\t\t<\/dt><\/dl><br style=\"clear: both\" \/>\n\t\t<\/div>\n\t\t<\/div>\n\t\t\t\t<\/div>\n\t\t\t\t<\/div>\n\t\t\t\t<div class=\"elementor-element elementor-element-b6c5c02 elementor-widget elementor-widget-text-editor\" data-id=\"b6c5c02\" data-element_type=\"widget\" data-widget_type=\"text-editor.default\">\n\t\t\t\t<div class=\"elementor-widget-container\">\n\t\t\t\t\t\t\t<p style=\"text-align: justify;\">Tambi\u00e9n puede ser descargado en formato PDF desde <a href=\"http:\/\/decoloso.ual.es\/wp-content\/uploads\/2023\/04\/Triptico-DECOLOSO-2023.pdf\">aqu\u00ed<\/a>.<\/p>\t\t\t\t\t\t<\/div>\n\t\t\t\t<\/div>\n\t\t\t\t\t<\/div>\n\t\t<\/div>\n\t\t\t\t\t\t\t<\/div>\n\t\t<\/section>\n\t\t\t\t\t\t<\/div>\n\t\t\t\t\t<\/div>\n\t\t","protected":false},"excerpt":{"rendered":"<p>Presentaci\u00f3n El M\u00e1ster en \u00abDesarrollo y Codesarrollo Local Sostenible\u00bb pretende cubrir una necesidad de la sociedad, repetidamente solicitada por personas e instituciones, que demanda profesionales con la formaci\u00f3n adecuada que [&hellip;]<\/p>\n","protected":false},"author":1,"featured_media":0,"parent":0,"menu_order":0,"comment_status":"closed","ping_status":"closed","template":"","meta":{"footnotes":""},"class_list":["post-8449","page","type-page","status-publish","hentry"],"_links":{"self":[{"href":"http:\/\/decoloso.ual.es\/index.php?rest_route=\/wp\/v2\/pages\/8449","targetHints":{"allow":["GET"]}}],"collection":[{"href":"http:\/\/decoloso.ual.es\/index.php?rest_route=\/wp\/v2\/pages"}],"about":[{"href":"http:\/\/decoloso.ual.es\/index.php?rest_route=\/wp\/v2\/types\/page"}],"author":[{"embeddable":true,"href":"http:\/\/decoloso.ual.es\/index.php?rest_route=\/wp\/v2\/users\/1"}],"replies":[{"embeddable":true,"href":"http:\/\/decoloso.ual.es\/index.php?rest_route=%2Fwp%2Fv2%2Fcomments&post=8449"}],"version-history":[{"count":64,"href":"http:\/\/decoloso.ual.es\/index.php?rest_route=\/wp\/v2\/pages\/8449\/revisions"}],"predecessor-version":[{"id":8952,"href":"http:\/\/decoloso.ual.es\/index.php?rest_route=\/wp\/v2\/pages\/8449\/revisions\/8952"}],"wp:attachment":[{"href":"http:\/\/decoloso.ual.es\/index.php?rest_route=%2Fwp%2Fv2%2Fmedia&parent=8449"}],"curies":[{"name":"wp","href":"https:\/\/api.w.org\/{rel}","templated":true}]}}